{"id":237,"date":"2015-09-08T08:34:03","date_gmt":"2015-09-08T07:34:03","guid":{"rendered":"http:\/\/hugo-c.de\/Admin\/?page_id=237"},"modified":"2015-09-08T08:40:22","modified_gmt":"2015-09-08T07:40:22","slug":"kostenlose-downloads","status":"publish","type":"page","link":"https:\/\/hugo-c.de\/Admin\/?page_id=237","title":{"rendered":"Kostenlose Downloads"},"content":{"rendered":"\n<!-- Facebook Like Button Vivacity Infotech BEGIN -->\n<div class=\"fb-like\" data-href=\"https:\/\/hugo-c.de\/Admin\/?page_id=237\" data-layout=\"standard\" data-action=\"like\" data-show-faces=\"false\" data-size=\"small\" data-width=\"450\" data-share=\"\" ><\/div>\n<!-- Facebook Like Button Vivacity Infotech END -->\n<p><strong>Leseprobe &#8222;Lauras Unschuld&#8220; von Hugo C:<\/strong><\/p>\n<p><span style=\"text-decoration: underline;\">Junge Managerin leitet Verteidigung gegen feindliche \u00dcbernahme durch Geliebten<\/span><br \/>\nLaura Sands Leben ist kompliziert: Ihr Chef wei\u00df nicht, dass ihr Geliebter der CEO des Gegners ist und dieser hat keine Ahnung davon, dass sie die Verteidigung leitet. Bald muss sie zudem erkennen, dass ihr Geliebter und ihr Vorgesetzter viel \u00fcblere Geheimnisse vor ihr verheimlichen. Ein irrwitziges Spiel voller L\u00fcgen und Intrigen beginnt. Die Eins\u00e4tze steigen mit jeder Runde, bald geht es um sehr viel mehr als Eitelkeit und Aktienpreise \u2026<\/p>\n<p><a title=\"Anazon-Link Lauras Unschuld\" href=\"http:\/\/amzn.to\/10lNZbZ\" target=\"_blank\">Amazon-Link: http:\/\/amzn.to\/10lNZbZ<\/a><\/p>\n<p><a href=\"http:\/\/limit-verlag.de\/admin\/wp-content\/uploads\/2015\/09\/Cover-Laura-Leseprobe-Ausschnitt.jpg\"><img decoding=\"async\" loading=\"lazy\" class=\"alignnone size-medium wp-image-96\" src=\"http:\/\/limit-verlag.de\/admin\/wp-content\/uploads\/2015\/09\/Cover-Laura-Leseprobe-Ausschnitt-200x300.jpg\" alt=\"Cover Laura Leseprobe Ausschnitt\" width=\"200\" height=\"300\" \/><\/a><\/p>\n<p>Zum Herunterladen bitte einfach die Links weiter unten anklicken. Die Dateien sind garantiert virenfrei. Sollten Sie ein anderes Datenformat f\u00fcr Ihren eBook-Reader ben\u00f6tigen, senden Sie bitte eine email an HugoC [at] hugo-c.de, ich sende es Ihnen kostenlos umgehend zu.<\/p>\n<p><a href=\"http:\/\/hugo-c.de\/Admin\/wp-content\/uploads\/2015\/09\/Lauras-Unschuld-6-x-9-v5-Apr-20-FINAL-FOR-eBook-Leseprobe.pdf\">Lauras Unschuld eBook Leseprobe (.pdf f\u00fcr Acrobat)<\/a><\/p>\n<p><a href=\"http:\/\/hugo-c.de\/Admin\/wp-content\/uploads\/2015\/09\/Lauras-Unschuld-6-x-9-v5-Apr-20-FINAL-FOR-eBook-Leseprobe.docx\">Lauras Unschuld eBook Leseprobe (.docx f\u00fcr Microsoft Word)<\/a><\/p>\n<p>&nbsp;<\/p>\n<p>&nbsp;<\/p>\n<p><strong>Leseprobe &#8222;Die katastrophale Metamorphose des Ovid&#8220; von Jo Krall<\/strong><\/p>\n<p><span style=\"text-decoration: underline;\">\u00a0Ungew\u00f6hnlichster Roman des Jahres<\/span><br \/>\nImmer mehr K\u00e4ufer eines Staubsaugers der Firma Garidans stehen unerwartet vor dem Ruin. Der Konsumentenberater Jo Krall steckt selbst in einer psychischen Krise und um ihr zu entfliehen, forscht er den Ursachen nach. Will Garidans die Weltherrschaft \u00fcbernehmen oder leidet er an Verfolgungswahn? Zur Beantwortung dieser Frage versucht Jo mit aller Kraft, Mitarbeiter bei Garidans zu werden. Der Aufnahmetest wird zu einem Kampf auf Leben und Tod.<\/p>\n<p><a title=\"Amazon-Link Ovid\" href=\"http:\/\/amzn.to\/1vHUIpC\">Amazon-Link: http:\/\/amzn.to\/1vHUIpC<\/a><\/p>\n<p><a href=\"http:\/\/limit-verlag.de\/admin\/wp-content\/uploads\/2015\/09\/Cover-Ovid-Leseprobe-1.-Aufl.jpg\"><img decoding=\"async\" loading=\"lazy\" class=\"alignnone size-medium wp-image-95\" src=\"http:\/\/limit-verlag.de\/admin\/wp-content\/uploads\/2015\/09\/Cover-Ovid-Leseprobe-1.-Aufl-200x300.jpg\" alt=\"Cover Ovid Leseprobe 1. Aufl\" width=\"200\" height=\"300\" \/><\/a><\/p>\n<p>Zum Herunterladen bitte einfach die Links weiter unten anklicken. Die Dateien sind garantiert virenfrei. Sollten Sie ein anderes Datenformat f\u00fcr Ihren eBook-Reader ben\u00f6tigen, senden Sie bitte eine email an HugoC [at] hugo-c.de, ich sende es Ihnen kostenlos umgehend zu.<\/p>\n<p><a href=\"http:\/\/hugo-c.de\/Admin\/wp-content\/uploads\/2015\/09\/Ovid-v7-6-x-9-Okt-20-KINDLE-Leseprobe-Sonderausgabe.pdf\">Ovid Leseprobe eBook (.pdf f\u00fcr Acrobat Reader)<\/a><\/p>\n<p><a href=\"http:\/\/hugo-c.de\/Admin\/wp-content\/uploads\/2015\/09\/Ovid-v7-6-x-9-Okt-20-KINDLE-Leseprobe-Sonderausgabe.docx\">Ovid Leseprobe eBook (.docx f\u00fcr Microsoft Word)<\/a><\/p>\n<div class=\"linkedInShareButton\"><script type=\"text\/javascript\" src=\"http:\/\/platform.linkedin.com\/in.js\"><\/script><script type=\"in\/share\" data-url=\"https:\/\/hugo-c.de\/Admin\/?page_id=237\"><\/script><\/div><div class=\"twttr_buttons\"><div class=\"twttr_twitter\">\n\t\t\t\t\t<a href=\"http:\/\/twitter.com\/share?text=Kostenlose+Downloads\" class=\"twitter-share-button\" data-via=\"\" data-hashtags=\"\"  data-size=\"default\" data-url=\"https:\/\/hugo-c.de\/Admin\/?page_id=237\"  data-related=\"\" target=\"_blank\">Tweet<\/a>\n\t\t\t\t<\/div><\/div>","protected":false},"excerpt":{"rendered":"<p>Leseprobe &#8222;Lauras Unschuld&#8220; von Hugo C: Junge Managerin leitet Verteidigung gegen feindliche \u00dcbernahme durch Geliebten Laura Sands Leben ist kompliziert: Ihr Chef wei\u00df nicht, dass ihr Geliebter der CEO des Gegners ist und dieser hat keine Ahnung davon, dass sie die Verteidigung leitet. Bald muss sie zudem erkennen, dass ihr Geliebter und ihr Vorgesetzter viel [&hellip;]<\/p>\n","protected":false},"author":1,"featured_media":0,"parent":0,"menu_order":0,"comment_status":"closed","ping_status":"closed","template":"","meta":{"_exactmetrics_skip_tracking":false,"_exactmetrics_sitenote_active":false,"_exactmetrics_sitenote_note":"","_exactmetrics_sitenote_category":0},"_links":{"self":[{"href":"https:\/\/hugo-c.de\/Admin\/index.php?rest_route=\/wp\/v2\/pages\/237"}],"collection":[{"href":"https:\/\/hugo-c.de\/Admin\/index.php?rest_route=\/wp\/v2\/pages"}],"about":[{"href":"https:\/\/hugo-c.de\/Admin\/index.php?rest_route=\/wp\/v2\/types\/page"}],"author":[{"embeddable":true,"href":"https:\/\/hugo-c.de\/Admin\/index.php?rest_route=\/wp\/v2\/users\/1"}],"replies":[{"embeddable":true,"href":"https:\/\/hugo-c.de\/Admin\/index.php?rest_route=%2Fwp%2Fv2%2Fcomments&post=237"}],"version-history":[{"count":2,"href":"https:\/\/hugo-c.de\/Admin\/index.php?rest_route=\/wp\/v2\/pages\/237\/revisions"}],"predecessor-version":[{"id":246,"href":"https:\/\/hugo-c.de\/Admin\/index.php?rest_route=\/wp\/v2\/pages\/237\/revisions\/246"}],"wp:attachment":[{"href":"https:\/\/hugo-c.de\/Admin\/index.php?rest_route=%2Fwp%2Fv2%2Fmedia&parent=237"}],"curies":[{"name":"wp","href":"https:\/\/api.w.org\/{rel}","templated":true}]}}