{"id":155,"date":"2014-12-09T18:44:20","date_gmt":"2014-12-09T17:44:20","guid":{"rendered":"http:\/\/hugo-c.de\/Admin\/?page_id=155"},"modified":"2014-12-09T18:47:49","modified_gmt":"2014-12-09T17:47:49","slug":"zum-nachlesen","status":"publish","type":"page","link":"https:\/\/hugo-c.de\/Admin\/?page_id=155","title":{"rendered":"Zum Nachlesen"},"content":{"rendered":"\n<!-- Facebook Like Button Vivacity Infotech BEGIN -->\n<div class=\"fb-like\" data-href=\"https:\/\/hugo-c.de\/Admin\/?page_id=155\" data-layout=\"standard\" data-action=\"like\" data-show-faces=\"false\" data-size=\"small\" data-width=\"450\" data-share=\"\" ><\/div>\n<!-- Facebook Like Button Vivacity Infotech END -->\n<p><strong>(28.11.2014) Das Geheimnis der chinesischen Faninvasion<br \/>\n<\/strong><\/p>\n<p>Vorweg gesagt: Ich liebe China und verabscheue China-Bashing. Folglich spielt ein gro\u00dfer Teil meines Thrillers &#8222;Lauras Unschuld&#8220; <a title=\"Amazon-Link Lauras Unschuld\" href=\"http:\/\/amzn.to\/1wvFcRs\" target=\"_blank\">http:\/\/amzn.to\/1wvFcRs<\/a> in Peking. Ohne zu viel zu verraten: In dem Roman geht es um eine knallharte feindliche Firmen\u00fcbernahme und Spionage im gro\u00dfen Stil. Chinesische Politik ist kein Thema.<\/p>\n<p>Wie viele andere Autoren nutze ich meinen Blog <a title=\"Blog Hugo C\" href=\"http:\/\/hugo-c.de\" target=\"_blank\">http:\/\/hugo-c.de<\/a>, um mit meinen Lesern zu kommunizieren. Jeden Morgen \u00fcberpr\u00fcfe ich ihn auf Leserkommentare und betrachte die Leserstatistiken.\u00a0 Mittels eines Standardtools erhalte ich anonymisierte Aussagen dar\u00fcber, wieviele Besucher aus welchen St\u00e4dten welche meiner Artikel gelesen haben. Sagen wir, Sie hei\u00dfen Mustermann und sitzen gerade in Wiesbaden in Deutschland in\u00a0 der Mustermannstra\u00dfe 10. Von Ihrem Namen, Ihrer physischen Adresse und Ihrer IP-Adresse sehe ich nichts. Statt dessen ist zu einer bestimmten Uhrzeit ein Leser aus Wiesbaden, Deutschland vermerkt, der sich den Artikel &#8222;Das Geheimnis der chinesischen Faninvasion&#8220; durchliest. Sollten Sie nachher auf &#8222;\u00dcber Hugo C&#8220; klicken, sehe ich einen Besucher aus Wiesbaden, der diese Seite besucht hat. Anhand der Uhrzeit kann ich vermuten, dass es der gleiche Leser ist.<\/p>\n<p>\u00dcblicherweise ziehen die tagesaktuellen Blogeintr\u00e4ge wie derjenige, den Sie gerade lesen, die gr\u00f6\u00dfte Leserzahl an. Wenn meine Leser einen Artikel beendet haben, lesen Sie zumeist den n\u00e4chsten auf der gleichen Seite. Die Engagierten senden mir einen Kommentar oder kaufen eines meiner B\u00fccher, um sich noch l\u00e4nger gut zu unterhalten. Der Rest wendet sich anderen Webseiten zu. Eine Minderheit liest &#8222;\u00dcber Hugo C&#8220; und einige handverlesene Connaisseure erfreuen sich am Juristendeutsch meines Impressums. Wie gro\u00df war meine \u00dcberraschung, als einige Wochen nach Erscheinen von &#8222;Lauras Unschuld&#8220; pl\u00f6tzlich ein regelrechter Run auf meine Autorenseite &#8222;\u00dcber Hugo C&#8220; einsetzte. Zwei Tage lang war es mit gro\u00dfem Abstand die meistgelesene Seite.<\/p>\n<p>Mit Akribie klickte ich mich durch mein Tool, um herauszufinden, worauf das sprunghaft gestiegene Interesse zur\u00fcckzuf\u00fchren war. Welche \u00dcberraschung, als ich feststellte, dass fast alle Leser aus China stammten. Genauer gesagt: aus Fuzhou, einer der vielen wenig bekannten chinesischen Riesenmetropolen. Gerne w\u00fcrde ich behaupten, dass meine B\u00fccher in China ein Bestseller w\u00e4ren und ich mich vor Anfragen meiner chinesischen Fanclubs nicht retten k\u00f6nnte. Leider w\u00e4re das eine L\u00fcge: Die B\u00fccher wurden bisher nicht in das Chinesische \u00fcbersetzt. Genauer gesagt: meines Wissens nach ist kein einziges Exemplar von &#8222;Lauras Unschuld&#8220; nach China exportiert worden.<\/p>\n<p>Woher kommt dann dieses Interesse aus Fuzhou? Warum lesen 100 Einwohner dieser Stadt innerhalb von zwei Tagen meine Kurzbiographie, ohne ein Buch gekauft zu haben? Nat\u00fcrlich habe ich Fuzhou gegoogelt. Es gibt eine gro\u00dfe Universit\u00e4t, aber keinerlei Hinweise auf besondere Pr\u00e4senz staatlicher Agenturen in dieser Stadt. Das Mi\u00dftrauen der chinesischen Beh\u00f6rden gegen\u00fcber dem Internet und das Screening relevanter Artikel und Blogs \u00fcber China sind hingegen gut dokumentiert.<\/p>\n<p>Interessanterweise betrachteten meine chinesischen Fans ausschlie\u00dflich meine Autoren-Seite, andere Artikel interessierten sie nicht. Wer verbirgt sich also hinter diesem Andrang aus Fuzhou? Alle meine Leser aus Fuzhou m\u00f6gen sich bitte unter <span title=\"\" class=\"pep-email\">HugoC(Replace this parenthesis with the @ sign)Hugo-C.de<\/span> melden. Auch sachdienliche Hinweise anderer Leser werden gerne entgegen genommen. Sobald ich mehr wei\u00df, werde ich eine Fortsetzung bloggen. Bis dahin viel Vergn\u00fcgen bei <a title=\"Lauras Unschuld - Amazon\" href=\"http:\/\/amzn.to\/1wvFcRs\" target=\"_blank\">&#8222;Lauras Unschuld&#8220;<\/a>.<\/p>\n<p>1. Update (30.11): Ich warte immer noch dringend auf Hinweise, wer in Fuzhou seinen Sitz hat. Best\u00e4tigen kann ich hingegen, dass dieser Artikel ein absoluter Hit in Russland bei unbekannten Interessenten ist. Nein, das Buch ist auch nicht ins Russische \u00fcbersetzt worden&#8230;<\/p>\n<div class=\"linkedInShareButton\"><script type=\"text\/javascript\" src=\"http:\/\/platform.linkedin.com\/in.js\"><\/script><script type=\"in\/share\" data-url=\"https:\/\/hugo-c.de\/Admin\/?page_id=155\"><\/script><\/div><div class=\"twttr_buttons\"><div class=\"twttr_twitter\">\n\t\t\t\t\t<a href=\"http:\/\/twitter.com\/share?text=Zum+Nachlesen\" class=\"twitter-share-button\" data-via=\"\" data-hashtags=\"\"  data-size=\"default\" data-url=\"https:\/\/hugo-c.de\/Admin\/?page_id=155\"  data-related=\"\" target=\"_blank\">Tweet<\/a>\n\t\t\t\t<\/div><\/div>","protected":false},"excerpt":{"rendered":"<p>(28.11.2014) Das Geheimnis der chinesischen Faninvasion Vorweg gesagt: Ich liebe China und verabscheue China-Bashing. Folglich spielt ein gro\u00dfer Teil meines Thrillers &#8222;Lauras Unschuld&#8220; http:\/\/amzn.to\/1wvFcRs in Peking. Ohne zu viel zu verraten: In dem Roman geht es um eine knallharte feindliche Firmen\u00fcbernahme und Spionage im gro\u00dfen Stil. Chinesische Politik ist kein Thema. Wie viele andere Autoren [&hellip;]<\/p>\n","protected":false},"author":1,"featured_media":0,"parent":0,"menu_order":0,"comment_status":"open","ping_status":"open","template":"","meta":{"_exactmetrics_skip_tracking":false,"_exactmetrics_sitenote_active":false,"_exactmetrics_sitenote_note":"","_exactmetrics_sitenote_category":0},"_links":{"self":[{"href":"https:\/\/hugo-c.de\/Admin\/index.php?rest_route=\/wp\/v2\/pages\/155"}],"collection":[{"href":"https:\/\/hugo-c.de\/Admin\/index.php?rest_route=\/wp\/v2\/pages"}],"about":[{"href":"https:\/\/hugo-c.de\/Admin\/index.php?rest_route=\/wp\/v2\/types\/page"}],"author":[{"embeddable":true,"href":"https:\/\/hugo-c.de\/Admin\/index.php?rest_route=\/wp\/v2\/users\/1"}],"replies":[{"embeddable":true,"href":"https:\/\/hugo-c.de\/Admin\/index.php?rest_route=%2Fwp%2Fv2%2Fcomments&post=155"}],"version-history":[{"count":3,"href":"https:\/\/hugo-c.de\/Admin\/index.php?rest_route=\/wp\/v2\/pages\/155\/revisions"}],"predecessor-version":[{"id":158,"href":"https:\/\/hugo-c.de\/Admin\/index.php?rest_route=\/wp\/v2\/pages\/155\/revisions\/158"}],"wp:attachment":[{"href":"https:\/\/hugo-c.de\/Admin\/index.php?rest_route=%2Fwp%2Fv2%2Fmedia&parent=155"}],"curies":[{"name":"wp","href":"https:\/\/api.w.org\/{rel}","templated":true}]}}